{"id":83,"date":"2014-11-24T10:35:24","date_gmt":"2014-11-24T08:35:24","guid":{"rendered":"http:\/\/metzgerei-schoenthaler.de\/de\/?page_id=83"},"modified":"2018-05-22T16:08:55","modified_gmt":"2018-05-22T14:08:55","slug":"geschenkideen","status":"publish","type":"page","link":"https:\/\/metzgerei-schoenthaler.de\/de\/geschenkideen\/","title":{"rendered":"Geschenkideen"},"content":{"rendered":"<div class=\"entry-content\" itemprop=\"text\">\n<div id=\"metaslider-id-405\" style=\"width: 100%; margin: 0 auto;\" class=\"ml-slider-3-106-0 metaslider metaslider-flex metaslider-405 ml-slider ms-theme-default nav-hidden\" role=\"region\" aria-label=\"Gutschein\" data-height=\"300\" data-width=\"703\">\n    <div id=\"metaslider_container_405\">\n        <div id=\"metaslider_405\" class=\"flexslider\">\n            <ul class='slides'>\n                <li style=\"display: block; width: 100%;\" class=\"slide-411 ms-image \" aria-roledescription=\"slide\" data-date=\"2018-01-24 16:06:26\" data-filename=\"gutschein.jpg\" data-slide-type=\"image\"><img loading=\"lazy\" decoding=\"async\" width=\"961\" height=\"412\" src=\"https:\/\/metzgerei-schoenthaler.de\/de\/wp-content\/uploads\/2014\/11\/gutschein.jpg\" class=\"slider-405 slide-411 msDefaultImage\" alt=\"\" rel=\"\" title=\"\" srcset=\"https:\/\/metzgerei-schoenthaler.de\/de\/wp-content\/uploads\/2014\/11\/gutschein.jpg 961w, https:\/\/metzgerei-schoenthaler.de\/de\/wp-content\/uploads\/2014\/11\/gutschein-300x128.jpg 300w, https:\/\/metzgerei-schoenthaler.de\/de\/wp-content\/uploads\/2014\/11\/gutschein-640x274.jpg 640w, https:\/\/metzgerei-schoenthaler.de\/de\/wp-content\/uploads\/2014\/11\/gutschein-48x20.jpg 48w\" sizes=\"auto, (max-width: 961px) 100vw, 961px\" \/><\/li>\n            <\/ul>\n        <\/div>\n        \n    <\/div>\n<\/div>\n<p>&nbsp;<\/p>\n<p class=\"p1\"><span class=\"s1\"><b>An Freunde denken \u2013 Was Leckeres schenken<\/b><\/span><\/p>\n<p class=\"p1\"><span class=\"s1\">\u00dcber einen kreativ gestalteten Pr\u00e4sentkorb, eine Dose Wurst, einen Schinken oder einen Gutschein f\u00fcr ein Einkaufserlebnis in unserer Metzgerei freut sich jedes Schlemmerm\u00e4ulchen. Als Dankesch\u00f6n und Aufmerksamkeit f\u00fcr Freunde oder als schmackhaftes Pr\u00e4sent \u2013 nicht nur zum Weihnachtsfest &#8230;<\/span><\/p>\n<p class=\"p1\"><span class=\"s1\"><b>Unsere Geschenktipps:<\/b><\/span><\/p>\n<ul>\n<li>Weihnachtlich dekorierte Wurstkonserven<\/li>\n<li>Ger\u00e4ucherter Schinken, liebevoll dekoriert \u2013 hergestellt wie zu Gro\u00dfvater Roberts Zeiten<\/li>\n<li>Geschenk-Gutscheine<\/li>\n<\/ul>\n<p class=\"p1\"><span class=\"s1\">Gerne dekorieren wir K\u00f6rbe, Blumen\u00fcbert\u00f6pfe, Geschenkkartons, Schalen oder Windlichter nach Ihren W\u00fcnschen mit unseren Wurst- und Schinkenspezialit\u00e4ten sowie mit weiteren regionalen Produkten. Suchen Sie Gr\u00f6\u00dfe und Inhalt aus. Die Beschenkten werden sich freuen.<\/span><\/p>\n\n<\/div>\n","protected":false},"excerpt":{"rendered":"<div class=\"entry-summary\" itemprop=\"text\">\n<p>&nbsp; An Freunde denken \u2013 Was Leckeres schenken \u00dcber einen kreativ gestalteten Pr\u00e4sentkorb, eine Dose Wurst, einen Schinken oder einen Gutschein f\u00fcr ein Einkaufserlebnis in unserer Metzgerei freut sich jedes Schlemmerm\u00e4ulchen. Als Dankesch\u00f6n und Aufmerksamkeit f\u00fcr Freunde oder als schmackhaftes Pr\u00e4sent \u2013 nicht nur zum Weihnachtsfest &#8230; Unsere Geschenktipps: Weihnachtlich dekorierte Wurstkonserven Ger\u00e4ucherter Schinken, liebevoll &#8230;<\/p>\n\n<\/div>\n","protected":false},"author":1,"featured_media":0,"parent":0,"menu_order":0,"comment_status":"closed","ping_status":"closed","template":"","meta":{"footnotes":""},"class_list":["post-83","page","type-page","status-publish","hentry","entry-lead"],"_links":{"self":[{"href":"https:\/\/metzgerei-schoenthaler.de\/de\/wp-json\/wp\/v2\/pages\/83","targetHints":{"allow":["GET"]}}],"collection":[{"href":"https:\/\/metzgerei-schoenthaler.de\/de\/wp-json\/wp\/v2\/pages"}],"about":[{"href":"https:\/\/metzgerei-schoenthaler.de\/de\/wp-json\/wp\/v2\/types\/page"}],"author":[{"embeddable":true,"href":"https:\/\/metzgerei-schoenthaler.de\/de\/wp-json\/wp\/v2\/users\/1"}],"replies":[{"embeddable":true,"href":"https:\/\/metzgerei-schoenthaler.de\/de\/wp-json\/wp\/v2\/comments?post=83"}],"version-history":[{"count":9,"href":"https:\/\/metzgerei-schoenthaler.de\/de\/wp-json\/wp\/v2\/pages\/83\/revisions"}],"predecessor-version":[{"id":412,"href":"https:\/\/metzgerei-schoenthaler.de\/de\/wp-json\/wp\/v2\/pages\/83\/revisions\/412"}],"wp:attachment":[{"href":"https:\/\/metzgerei-schoenthaler.de\/de\/wp-json\/wp\/v2\/media?parent=83"}],"curies":[{"name":"wp","href":"https:\/\/api.w.org\/{rel}","templated":true}]}}