{"id":208,"date":"2015-05-21T08:30:16","date_gmt":"2015-05-21T06:30:16","guid":{"rendered":"http:\/\/metzgerei-schoenthaler.de\/de\/?page_id=208"},"modified":"2025-06-30T08:58:37","modified_gmt":"2025-06-30T06:58:37","slug":"sommer-sonne-party-die-grillsaison-ist-eroeffnet","status":"publish","type":"page","link":"https:\/\/metzgerei-schoenthaler.de\/de\/","title":{"rendered":"Sommer &#8211; Sonne &#8211; Party  \/ Die Grillsaison ist er\u00f6ffnet"},"content":{"rendered":"<div class=\"entry-content\" itemprop=\"text\">\n<h2 class=\"p1\"><div id=\"metaslider-id-212\" style=\"width: 100%; margin: 0 auto;\" class=\"ml-slider-3-106-0 metaslider metaslider-flex metaslider-212 ml-slider ms-theme-default nav-hidden\" role=\"region\" aria-label=\"Grill\" data-height=\"412\" data-width=\"961\">\n    <div id=\"metaslider_container_212\">\n        <div id=\"metaslider_212\" class=\"flexslider\">\n            <ul class='slides'>\n                <li style=\"display: block; width: 100%;\" class=\"slide-213 ms-image \" aria-roledescription=\"slide\" data-date=\"2015-05-21 08:28:00\" data-filename=\"grill2.jpg\" data-slide-type=\"image\"><img loading=\"lazy\" decoding=\"async\" width=\"961\" height=\"412\" src=\"https:\/\/metzgerei-schoenthaler.de\/de\/wp-content\/uploads\/2015\/05\/grill2.jpg\" class=\"slider-212 slide-213 msDefaultImage\" alt=\"\" rel=\"\" title=\"\" srcset=\"https:\/\/metzgerei-schoenthaler.de\/de\/wp-content\/uploads\/2015\/05\/grill2.jpg 961w, https:\/\/metzgerei-schoenthaler.de\/de\/wp-content\/uploads\/2015\/05\/grill2-300x129.jpg 300w, https:\/\/metzgerei-schoenthaler.de\/de\/wp-content\/uploads\/2015\/05\/grill2-640x274.jpg 640w, https:\/\/metzgerei-schoenthaler.de\/de\/wp-content\/uploads\/2015\/05\/grill2-48x21.jpg 48w\" sizes=\"auto, (max-width: 961px) 100vw, 961px\" \/><\/li>\n                <li style=\"display: none; width: 100%;\" class=\"slide-218 ms-image \" aria-roledescription=\"slide\" data-date=\"2015-05-21 08:34:21\" data-filename=\"wein2.jpg\" data-slide-type=\"image\"><img loading=\"lazy\" decoding=\"async\" width=\"961\" height=\"412\" src=\"https:\/\/metzgerei-schoenthaler.de\/de\/wp-content\/uploads\/2015\/05\/wein2.jpg\" class=\"slider-212 slide-218 msDefaultImage\" alt=\"\" rel=\"\" title=\"\" srcset=\"https:\/\/metzgerei-schoenthaler.de\/de\/wp-content\/uploads\/2015\/05\/wein2.jpg 961w, https:\/\/metzgerei-schoenthaler.de\/de\/wp-content\/uploads\/2015\/05\/wein2-300x129.jpg 300w, https:\/\/metzgerei-schoenthaler.de\/de\/wp-content\/uploads\/2015\/05\/wein2-640x274.jpg 640w, https:\/\/metzgerei-schoenthaler.de\/de\/wp-content\/uploads\/2015\/05\/wein2-48x21.jpg 48w\" sizes=\"auto, (max-width: 961px) 100vw, 961px\" \/><\/li>\n                <li style=\"display: none; width: 100%;\" class=\"slide-211 ms-image \" aria-roledescription=\"slide\" data-date=\"2015-05-21 08:24:41\" data-filename=\"grill.jpg\" data-slide-type=\"image\"><img loading=\"lazy\" decoding=\"async\" width=\"961\" height=\"412\" src=\"https:\/\/metzgerei-schoenthaler.de\/de\/wp-content\/uploads\/2015\/05\/grill.jpg\" class=\"slider-212 slide-211 msDefaultImage\" alt=\"\" rel=\"\" title=\"\" srcset=\"https:\/\/metzgerei-schoenthaler.de\/de\/wp-content\/uploads\/2015\/05\/grill.jpg 961w, https:\/\/metzgerei-schoenthaler.de\/de\/wp-content\/uploads\/2015\/05\/grill-300x129.jpg 300w, https:\/\/metzgerei-schoenthaler.de\/de\/wp-content\/uploads\/2015\/05\/grill-640x274.jpg 640w, https:\/\/metzgerei-schoenthaler.de\/de\/wp-content\/uploads\/2015\/05\/grill-48x21.jpg 48w\" sizes=\"auto, (max-width: 961px) 100vw, 961px\" \/><\/li>\n            <\/ul>\n        <\/div>\n        \n    <\/div>\n<\/div><\/h2>\n<p class=\"p1\"><span class=\"s1\">Wir begeistern Grillfans. Denn Grillen mit den Fleisch- und Grillwurstspezialit\u00e4ten von Metzgermeister Siegfried Sch\u00f6nthaler macht besonders Spa\u00df.<\/span><\/p>\n<p class=\"p1\"><span class=\"s1\">W\u00e4hlen Sie aus unserer reichhaltigen Grilltheke unter anderem:<\/span><\/p>\n<ul>\n<li style=\"list-style-type: none;\">\n<ul>\n<li>NEU: Unsere Pepas &#8211; Grillw\u00fcrstchen mit frischen Peppadews mit fruchtiger, pikanter, leichter Sch\u00e4rfe<\/li>\n<li class=\"p1\"><span class=\"s1\">Saftige Winzer-Steak<\/span><\/li>\n<li class=\"p1\"><span class=\"s1\">Zarte H\u00e4hnchenbrustfilet in Kr\u00e4utern oder Curry mariniert<\/span><\/li>\n<li class=\"p1\"><span class=\"s1\">Pfiffige Spie\u00dfe von der Pute mit Rosmarinkart\u00f6ffelchen oder mit Speckdatteln<\/span><\/li>\n<li class=\"p1\"><span class=\"s1\">Ausgezeichnete Steaks vom Staufenrind<\/span><\/li>\n<li class=\"p1\"><span class=\"s1\">Rustikale K\u00e4seknacker<\/span><\/li>\n<li class=\"p1\"><span class=\"s1\">Deftige Bratw\u00fcrste Th\u00fcringer Art<\/span><\/li>\n<li class=\"p1\"><span class=\"s1\">Frische Kr\u00e4uterknacker<\/span><\/li>\n<\/ul>\n<\/li>\n<\/ul>\n<p><!-- li class=\"p1\">Salat-Service: Speziell zur Grillsaison bieten wir hausgemachte Salate an<\/li -->\n<p class=\"p1\"><span class=\"s1\">Dazu ein Gl\u00e4schen gek\u00fchlter Wei\u00dfwein oder lieber einen wohl temperierten Rotwein? Auf jeden Fall vom renommierten Weingut Gaul (<a href=\"http:\/\/www.weingut-gaul.de\" target=\"_blank\" rel=\"noopener noreferrer\"><span class=\"s2\">www.weingut-gaul.de<\/span><\/a>). Ausgew\u00e4hlte Weine zu fairen Preisen haben wir ab sofort neu im Sortiment. Denn dass Karoline und Dorothee Gaul, die Nichten von Metzgermeister Siegfried Sch\u00f6nthaler, hervorragenden Wein herstellen, hat sich mittlerweile rumgesprochen. Sogar in der \u201eWelt am Sonntag\u201c war jetzt eine Lobeshymne auf die edlen Tropfen aus der Pfalz.<\/span><\/p>\n<p>F\u00fcr jeden Anlass, ob kleines Grillfest oder gro\u00dfe Party, wir haben die passenden Weine in unserem Weinkeller und beraten Sie gerne.<\/p>\n<h2 class=\"p1\">\u00a0<img decoding=\"async\" class=\" alignleft\" src=\"https:\/\/metzgerei-schoenthaler.de\/de\/wp-content\/uploads\/2015\/05\/gaul2.jpg\" alt=\"salate\" \/><\/h2>\n<p><img decoding=\"async\" class=\" aligncenter\" src=\"https:\/\/metzgerei-schoenthaler.de\/de\/wp-content\/uploads\/2015\/05\/schoeni-grill2.jpg\" alt=\"\" \/><\/p>\n\n<\/div>\n","protected":false},"excerpt":{"rendered":"<div class=\"entry-summary\" itemprop=\"text\">\n<p>Wir begeistern Grillfans. Denn Grillen mit den Fleisch- und Grillwurstspezialit\u00e4ten von Metzgermeister Siegfried Sch\u00f6nthaler macht besonders Spa\u00df. W\u00e4hlen Sie aus unserer reichhaltigen Grilltheke unter anderem: NEU: Unsere Pepas &#8211; Grillw\u00fcrstchen mit frischen Peppadews mit fruchtiger, pikanter, leichter Sch\u00e4rfe Saftige Winzer-Steak Zarte H\u00e4hnchenbrustfilet in Kr\u00e4utern oder Curry mariniert Pfiffige Spie\u00dfe von der Pute mit Rosmarinkart\u00f6ffelchen oder &#8230;<\/p>\n\n<\/div>\n","protected":false},"author":1,"featured_media":0,"parent":121,"menu_order":0,"comment_status":"closed","ping_status":"closed","template":"","meta":{"footnotes":""},"class_list":["post-208","page","type-page","status-publish","hentry","entry-lead"],"_links":{"self":[{"href":"https:\/\/metzgerei-schoenthaler.de\/de\/wp-json\/wp\/v2\/pages\/208","targetHints":{"allow":["GET"]}}],"collection":[{"href":"https:\/\/metzgerei-schoenthaler.de\/de\/wp-json\/wp\/v2\/pages"}],"about":[{"href":"https:\/\/metzgerei-schoenthaler.de\/de\/wp-json\/wp\/v2\/types\/page"}],"author":[{"embeddable":true,"href":"https:\/\/metzgerei-schoenthaler.de\/de\/wp-json\/wp\/v2\/users\/1"}],"replies":[{"embeddable":true,"href":"https:\/\/metzgerei-schoenthaler.de\/de\/wp-json\/wp\/v2\/comments?post=208"}],"version-history":[{"count":26,"href":"https:\/\/metzgerei-schoenthaler.de\/de\/wp-json\/wp\/v2\/pages\/208\/revisions"}],"predecessor-version":[{"id":632,"href":"https:\/\/metzgerei-schoenthaler.de\/de\/wp-json\/wp\/v2\/pages\/208\/revisions\/632"}],"up":[{"embeddable":true,"href":"https:\/\/metzgerei-schoenthaler.de\/de\/wp-json\/wp\/v2\/pages\/121"}],"wp:attachment":[{"href":"https:\/\/metzgerei-schoenthaler.de\/de\/wp-json\/wp\/v2\/media?parent=208"}],"curies":[{"name":"wp","href":"https:\/\/api.w.org\/{rel}","templated":true}]}}